{"id":31163,"date":"2026-02-24T20:25:54","date_gmt":"2026-02-24T20:25:54","guid":{"rendered":"https:\/\/kluczdopiekna.com\/?page_id=31163"},"modified":"2026-04-14T09:33:42","modified_gmt":"2026-04-14T09:33:42","slug":"regulamin","status":"publish","type":"page","link":"https:\/\/kluczdopiekna.com\/?page_id=31163","title":{"rendered":"Regulamin"},"content":{"rendered":"\t\t<div data-elementor-type=\"wp-page\" data-elementor-id=\"31163\" class=\"elementor elementor-31163\">\n\t\t\t\t<div class=\"elementor-element elementor-element-a4d80eb e-flex e-con-boxed e-con e-parent\" data-id=\"a4d80eb\" data-element_type=\"container\" data-e-type=\"container\" data-settings=\"{&quot;background_background&quot;:&quot;classic&quot;}\">\n\t\t\t\t\t<div class=\"e-con-inner\">\n\t\t\t\t<div class=\"elementor-element elementor-element-cd10d80 elementor-widget__width-initial elementor-widget elementor-widget-heading\" data-id=\"cd10d80\" data-element_type=\"widget\" data-e-type=\"widget\" data-widget_type=\"heading.default\">\n\t\t\t\t<div class=\"elementor-widget-container\">\n\t\t\t\t\t<h2 class=\"elementor-heading-title elementor-size-default\">REGULAMIN SALONU FRYZJERSKIEGO KLUCZ DO PI\u0118KNA<\/h2>\t\t\t\t<\/div>\n\t\t\t\t<\/div>\n\t\t\t\t<div class=\"elementor-element elementor-element-e68758e elementor-widget elementor-widget-text-editor\" data-id=\"e68758e\" data-element_type=\"widget\" data-e-type=\"widget\" data-widget_type=\"text-editor.default\">\n\t\t\t\t<div class=\"elementor-widget-container\">\n\t\t\t\t\t\t\t\t\t<p><span style=\"text-decoration: underline;\"><span style=\"font-weight: 400;\">INFORMACJE OG\u00d3LNE<\/span><\/span><\/p>\t\t\t\t\t\t\t\t<\/div>\n\t\t\t\t<\/div>\n\t\t\t\t<div class=\"elementor-element elementor-element-bc00be0 elementor-widget elementor-widget-text-editor\" data-id=\"bc00be0\" data-element_type=\"widget\" data-e-type=\"widget\" data-widget_type=\"text-editor.default\">\n\t\t\t\t<div class=\"elementor-widget-container\">\n\t\t\t\t\t\t\t\t\t<ol><li style=\"list-style-type: none;\"><ol><li>Ceny zawarte w cenniku salonu nie s\u0105 ofert\u0105 handlow\u0105 w rozumieniu przepis\u00f3w Kodeksu<br \/>Cywilnego i mog\u0105 ulec zmianie.<\/li><li>Klient zobowi\u0105zany jest do zapoznania si\u0119 z niniejszym regulaminem oraz cennikiem salonu<br \/>Klucz do Pi\u0119kna przed skorzystaniem z us\u0142ugi.<\/li><li>Finalna cena us\u0142ugi zale\u017cna jest od indywidualnych potrzeb Klienta oraz zu\u017cytych w jej trakcie<br \/>produkt\u00f3w. Na pro\u015bb\u0119 Klienta wycena us\u0142ugi zostanie podana bezpo\u015brednio przed jej<br \/>wykonaniem w dniu wizyty lub w trakcie poprzedzaj\u0105cej wizyt\u0119 konsultacji fryzjerskiej.<\/li><\/ol><\/li><\/ol>\t\t\t\t\t\t\t\t<\/div>\n\t\t\t\t<\/div>\n\t\t\t\t<div class=\"elementor-element elementor-element-bcb8b97 elementor-widget elementor-widget-text-editor\" data-id=\"bcb8b97\" data-element_type=\"widget\" data-e-type=\"widget\" data-widget_type=\"text-editor.default\">\n\t\t\t\t<div class=\"elementor-widget-container\">\n\t\t\t\t\t\t\t\t\t<p><span style=\"text-decoration: underline;\"><span style=\"font-weight: 400;\">REZERWOWANIE WIZYT<\/span><\/span><\/p>\t\t\t\t\t\t\t\t<\/div>\n\t\t\t\t<\/div>\n\t\t\t\t<div class=\"elementor-element elementor-element-005fd93 elementor-widget elementor-widget-text-editor\" data-id=\"005fd93\" data-element_type=\"widget\" data-e-type=\"widget\" data-widget_type=\"text-editor.default\">\n\t\t\t\t<div class=\"elementor-widget-container\">\n\t\t\t\t\t\t\t\t\t<ol>\n<li>\nRezerwacja wizyty w salonie Klucz do Pi\u0119kna jest r\u00f3wnoznaczna z akceptacj\u0105 przez Klienta cennika oraz niniejszego regulaminu, a tak\u017ce akceptacj\u0105 ich tre\u015bci. Wszelkie konsekwencje wynikaj\u0105ce z nieznajomo\u015bci tre\u015bci cennika oraz regulaminu Klient ponosi na w\u0142asn\u0105 odpowiedzialno\u015b\u0107.\n<\/li>\n\n<li>\n<strong>\nOtrzymanie propozycji terminu wizyty od pracownika salonu Klucz do Pi\u0119kna nie jest r\u00f3wnoznaczne z jego rezerwacj\u0105. Wizyta zostaje zarezerwowana dopiero po otrzymaniu potwierdzenia rezerwacji od jednego z pracownik\u00f3w salonu Klucz do Pi\u0119kna.\n<\/strong>\n<\/li>\n\n<li>\nKlient, podczas rezerwacji terminu wizyty ma obowi\u0105zek poinformowa\u0107 pracownik\u00f3w salonu Klucz do Pi\u0119kna o wszelkich posiadanych schorzeniach oraz przeciwwskazaniach medycznych do wykonania us\u0142ugi, a w szczeg\u00f3lno\u015bci: zaka\u017ceniu wirusem HIV, chorobach sk\u00f3ry, chorobach serca, zaka\u017ceniu wirusem HCV, alergiach oraz innych posiadanych dolegliwo\u015bciach zdrowotnych. Informacje te przetwarzane s\u0105 wy\u0142\u0105cznie w celu zapewnienia bezpiecze\u0144stwa us\u0142ugi i nie s\u0105 przechowywane bez odr\u0119bnej zgody Klienta.\n<\/li>\n\n<li>\nRezerwacja wizyt w salonie Klucz do Pi\u0119kna odbywa si\u0119 online w serwisach Booksy, Instagram, Facebook, osobi\u015bcie w recepcji salonu lub telefonicznie pod numerem: +48 732 262 526. Na zarezerwowan\u0105 wizyt\u0119 nale\u017cy przyby\u0107 punktualnie. W przypadku sp\u00f3\u017anienia Klienta d\u0142u\u017cszego ni\u017c 15 minut mo\u017ce zaj\u015b\u0107 konieczno\u015b\u0107 skr\u00f3cenia wizyty lub jej anulowania.\n<\/li>\n\n<li>\nKlient umawiaj\u0105c si\u0119 na wizyt\u0119 w salonie Klucz do Pi\u0119kna zobowi\u0105zany jest poda\u0107 swoje prawdziwe imi\u0119 i nazwisko oraz aktualny numer telefonu. Podanie fa\u0142szywych danych skutkowa\u0107 b\u0119dzie anulowaniem wizyty.\n<\/li>\n\n<li>\n<strong>\nSalon Klucz do Pi\u0119kna zastrzega sobie prawo do odmowy wykonania nieprawid\u0142owo wybranej us\u0142ugi zarezerwowanej przez Klienta online za pomoc\u0105 serwisu Booksy.\n<\/strong>\n<\/li>\n\n<li>\nRezerwacje niepotwierdzone 24h przed terminem ich realizacji mog\u0105 zosta\u0107 anulowane.\n<\/li>\n<\/ol>\t\t\t\t\t\t\t\t<\/div>\n\t\t\t\t<\/div>\n\t\t\t\t<div class=\"elementor-element elementor-element-54af39d elementor-widget elementor-widget-text-editor\" data-id=\"54af39d\" data-element_type=\"widget\" data-e-type=\"widget\" data-widget_type=\"text-editor.default\">\n\t\t\t\t<div class=\"elementor-widget-container\">\n\t\t\t\t\t\t\t\t\t<p><span style=\"text-decoration: underline;\"><span style=\"font-weight: 400;\">\u015bwiadczenie us\u0142ug<\/span><\/span><\/p>\t\t\t\t\t\t\t\t<\/div>\n\t\t\t\t<\/div>\n\t\t\t\t<div class=\"elementor-element elementor-element-c4313e9 elementor-widget elementor-widget-text-editor\" data-id=\"c4313e9\" data-element_type=\"widget\" data-e-type=\"widget\" data-widget_type=\"text-editor.default\">\n\t\t\t\t<div class=\"elementor-widget-container\">\n\t\t\t\t\t\t\t\t\t<ol>\n<li>\n<strong>\nKlient na um\u00f3wion\u0105 wizyt\u0119 w salonie Klucz do Pi\u0119kna stawia si\u0119 bez os\u00f3b towarzysz\u0105cych oraz dzieci i zwierz\u0105t.\n<\/strong>\n<\/li>\n\n<li>\nKlient ma obowi\u0105zek stosowania si\u0119 do zalece\u0144 pozabiegowych przekazanych mu przez pracownik\u00f3w salonu Klucz do Pi\u0119kna. Jest to warunek konieczny do zagwarantowania trwa\u0142ych efekt\u00f3w wykonanej us\u0142ugi.\n<\/li>\n\n<li>\nPrzy ka\u017cdej us\u0142udze wykonywanej w salonie Klucz do Pi\u0119kna pracowa\u0107 mo\u017ce wi\u0119cej ni\u017c jeden stylista. Oznacza to, \u017ce nawet w przypadku rezerwacji terminu do konkretnego stylisty, prac\u0119 na w\u0142osach Klienta wykonywa\u0107 mog\u0105 tak\u017ce inni styli\u015bci, jednak wszystkie etapy us\u0142ugi s\u0105 nadzorowane przez stylist\u0119, kt\u00f3rego Klient wybra\u0142 podczas rezerwacji terminu.\n<\/li>\n\n<li>\n<strong>\nKlient stawia si\u0119 na us\u0142ug\u0119 koloryzacji posiadaj\u0105c \u015bwie\u017ce w\u0142osy, tj. umyte na wiecz\u00f3r poprzedzaj\u0105cy dzie\u0144 wizyty w salonie Klucz do Pi\u0119kna. W przypadku, gdy Klient przybywa z nie\u015bwie\u017cymi w\u0142osami, salon Klucz do Pi\u0119kna zastrzega sobie prawo do wykonania mycia wst\u0119pnego przed wykonaniem us\u0142ugi. Us\u0142uga ta wi\u0105\u017ce si\u0119 z dodatkow\u0105 op\u0142at\u0105 w wysoko\u015bci 80 z\u0142. Op\u0142ata za mycie wst\u0119pne zostanie doliczona do ca\u0142kowitego kosztu us\u0142ugi i jest ona zwi\u0105zana z nieplanowanym wyd\u0142u\u017ceniem czasu us\u0142ugi spowodowanym niedopatrzeniem ze strony Klienta. Powy\u017cszy zapis jest wi\u0105\u017c\u0105cy przy ka\u017cdej koloryzacji i nie obejmuje strzy\u017ce\u0144.\n<\/strong>\n<\/li>\n\n<li>\nPracownik salonu Klucz do Pi\u0119kna ma prawo odm\u00f3wi\u0107 Klientowi wykonania us\u0142ugi je\u017celi zachodzi ryzyko, \u017ce mo\u017ce ona zagrozi\u0107 zdrowiu lub kondycji w\u0142os\u00f3w Klienta, a tak\u017ce zmieni\u0107 termin jej realizacji. Zapis ten, w szczeg\u00f3lno\u015bci dotyczy Klient\u00f3w posiadaj\u0105cych w\u0142osy w bardzo z\u0142ym stanie, w\u0142osy doczepiane, w\u0142osy po zabiegach nanoplastii i\/lub keratynowego prostowania oraz posiadaj\u0105cych jakiekolwiek schorzenia lub dolegliwo\u015bci zdrowotne.\n<\/li>\n\n<li>\nW przypadku \u015bwiadomego zatajenia informacji dotycz\u0105cych posiadanych schorze\u0144 oraz dolegliwo\u015bci zdrowotnych pracownicy salonu Klucz do Pi\u0119kna nie ponosz\u0105 odpowiedzialno\u015bci za pogorszenie samopoczucia oraz stanu zdrowia Klienta w trakcie oraz po wykonaniu us\u0142ugi.\n<\/li>\n\n<li>\nW przypadku niestawienia si\u0119 przez Klienta na um\u00f3wion\u0105 wizyt\u0119 bez uprzedzenia oraz podania przyczyny, salon Klucz do Pi\u0119kna zastrzega sobie prawo do naliczenia op\u0142aty rezerwacyjnej w wysoko\u015bci 150 z\u0142 przy kolejnej wizycie.\n<\/li>\n\n<li>\nSalon Klucz do Pi\u0119kna zastrzega sobie prawo do odwo\u0142ania zarezerwowanej przez Klienta wizyty w sytuacjach wyj\u0105tkowych. W takim przypadku zostanie wyznaczony nowy termin wizyty w mo\u017cliwie najkr\u00f3tszym czasie.\n<\/li>\n\n<li>\nSalon Klucz do Pi\u0119kna nie \u015bwiadczy us\u0142ug na w\u0142osach przed\u0142u\u017canych\/doczepianych oraz na w\u0142osach, na kt\u00f3rych wykonywane by\u0142y zabiegi nanoplastii i\/lub keratynowego prostowania.\n<\/li>\n<\/ol>\t\t\t\t\t\t\t\t<\/div>\n\t\t\t\t<\/div>\n\t\t\t\t<div class=\"elementor-element elementor-element-542f58e elementor-widget elementor-widget-text-editor\" data-id=\"542f58e\" data-element_type=\"widget\" data-e-type=\"widget\" data-widget_type=\"text-editor.default\">\n\t\t\t\t<div class=\"elementor-widget-container\">\n\t\t\t\t\t\t\t\t\t<p><span style=\"text-decoration: underline;\"><span style=\"font-weight: 400;\">ODPOWIEDZIALNO\u015a\u0106 ZA MIENIE KLIENT\u00d3W <\/span><span style=\"font-weight: 400;\">\u00a0<\/span><\/span><\/p>\t\t\t\t\t\t\t\t<\/div>\n\t\t\t\t<\/div>\n\t\t\t\t<div class=\"elementor-element elementor-element-d0fe135 elementor-widget elementor-widget-text-editor\" data-id=\"d0fe135\" data-element_type=\"widget\" data-e-type=\"widget\" data-widget_type=\"text-editor.default\">\n\t\t\t\t<div class=\"elementor-widget-container\">\n\t\t\t\t\t\t\t\t\t<ol>\n<li>\nSalon Klucz do Pi\u0119kna dok\u0142ada wszelkich stara\u0144, aby zapewni\u0107 bezpiecze\u0144stwo mienia Klient\u00f3w. Niemniej jednak salon nie ponosi odpowiedzialno\u015bci za jakiekolwiek uszkodzenie lub utrat\u0119 mienia, w tym sprz\u0119tu elektronicznego, odzie\u017cy i innych nale\u017c\u0105cych do Klienta przedmiot\u00f3w, kt\u00f3re mog\u0105 wyst\u0105pi\u0107 w trakcie wykonywania us\u0142ugi, z wy\u0142\u0105czeniem sytuacji, w kt\u00f3rych szkoda powsta\u0142a z winy umy\u015blnej lub ra\u017c\u0105cego niedbalstwa ze strony salonu Klucz do Pi\u0119kna.\n<\/li>\n\n<li>\nKlienci s\u0105 proszeni o zachowanie ostro\u017cno\u015bci w kwestii warto\u015bciowych przedmiot\u00f3w oraz ubra\u0144 noszonych w trakcie \u015bwiadczenia us\u0142ug. Zaleca si\u0119 pozostawienie drogocennych rzeczy w domu lub przechowywanie ich w bezpiecznym miejscu.\n<\/li>\n\n<li>\nW przypadku zgubienia lub uszkodzenia mienia Klient nie b\u0119dzie m\u00f3g\u0142 ro\u015bci\u0107 \u017cadnych praw do odszkodowania od salonu Klucz do Pi\u0119kna, je\u017celi mienie to nie by\u0142o pozostawione na czas wykonywania us\u0142ugi w wyznaczonym do tego przez pracownik\u00f3w salonu miejscu.\n<\/li>\n<\/ol>\t\t\t\t\t\t\t\t<\/div>\n\t\t\t\t<\/div>\n\t\t\t\t<div class=\"elementor-element elementor-element-47eb9cc elementor-widget elementor-widget-text-editor\" data-id=\"47eb9cc\" data-element_type=\"widget\" data-e-type=\"widget\" data-widget_type=\"text-editor.default\">\n\t\t\t\t<div class=\"elementor-widget-container\">\n\t\t\t\t\t\t\t\t\t<p><span style=\"text-decoration: underline;\"><span style=\"font-weight: 400;\">P\u0141ATNO\u015aCI <\/span><\/span><\/p>\t\t\t\t\t\t\t\t<\/div>\n\t\t\t\t<\/div>\n\t\t\t\t<div class=\"elementor-element elementor-element-6251c7c elementor-widget elementor-widget-text-editor\" data-id=\"6251c7c\" data-element_type=\"widget\" data-e-type=\"widget\" data-widget_type=\"text-editor.default\">\n\t\t\t\t<div class=\"elementor-widget-container\">\n\t\t\t\t\t\t\t\t\t<ol>\n<li>\nZa us\u0142ugi oraz kosmetyki zakupione w salonie Klucz do Pi\u0119kna mo\u017cna p\u0142aci\u0107 got\u00f3wk\u0105, kart\u0105 debetow\u0105, kart\u0105 kredytow\u0105 oraz BLIKIEM.\n<\/li>\n\n<li>\nPromocje i rabaty w salonie Klucz do Pi\u0119kna nie \u0142\u0105cz\u0105 si\u0119.\n<\/li>\n<\/ol>\t\t\t\t\t\t\t\t<\/div>\n\t\t\t\t<\/div>\n\t\t\t\t<div class=\"elementor-element elementor-element-ec86f29 elementor-widget elementor-widget-text-editor\" data-id=\"ec86f29\" data-element_type=\"widget\" data-e-type=\"widget\" data-widget_type=\"text-editor.default\">\n\t\t\t\t<div class=\"elementor-widget-container\">\n\t\t\t\t\t\t\t\t\t<p><span style=\"text-decoration: underline;\"><span style=\"font-weight: 400;\">REKLAMACJE<\/span><\/span><\/p>\t\t\t\t\t\t\t\t<\/div>\n\t\t\t\t<\/div>\n\t\t\t\t<div class=\"elementor-element elementor-element-998eb83 elementor-widget elementor-widget-text-editor\" data-id=\"998eb83\" data-element_type=\"widget\" data-e-type=\"widget\" data-widget_type=\"text-editor.default\">\n\t\t\t\t<div class=\"elementor-widget-container\">\n\t\t\t\t\t\t\t\t\t<ol><li>Klient ma prawo z\u0142o\u017cy\u0107 reklamacj\u0119 dotycz\u0105c\u0105 zakupionej us\u0142ugi lub produktu w salonie Klucz do Pi\u0119kna niezw\u0142ocznie po zauwa\u017ceniu defektu, najlepiej w terminie do 72h od daty realizacji us\u0142ugi\/zakupu produktu, jednak nie p\u00f3\u017aniej ni\u017c w terminach wynikaj\u0105cych z przepis\u00f3w prawa.<\/li><li>Reklamacj\u0119 Klient sk\u0142ada osobi\u015bcie w salonie Klucz do Pi\u0119kna, za po\u015brednictwem poczty elektronicznej na adres:<br \/><u>kontakt.kluczewska@gmail.com<\/u><br \/>lub listownie na adres: ul. Ksi\u0119cia Bogus\u0142awa X 10\/2, 70-441 Szczecin. Reklamacja powinna zawiera\u0107 imi\u0119 i nazwisko Klienta, adres poczty elektronicznej lub adres korespondencyjny, na kt\u00f3ry ma zosta\u0107 przes\u0142ana odpowied\u017a oraz opis przedmiotu reklamacji umo\u017cliwiaj\u0105cy jej rozpatrzenie, a tak\u017ce dat\u0119 zauwa\u017cenia defektu. Salon Klucz do Pi\u0119kna zastrzega, \u017ce w celu rozpatrzenia reklamacji konieczna mo\u017ce by\u0107 wizyta Klienta w salonie i umo\u017cliwienie pracownikom dokonania ogl\u0119dzin w\u0142os\u00f3w\/produktu.<\/li><li>Salon Klucz do Pi\u0119kna zastrzega sobie prawo do rozpatrzenia reklamacji w terminie 14 dni od jej z\u0142o\u017cenia przez Klienta.<\/li><li>Salon Klucz do Pi\u0119kna zastrzega, \u017ce w celu zaproponowania mo\u017cliwie najszybszego terminu wykonania us\u0142ugi reklamacyjnej, mo\u017ce zosta\u0107 ona wykonana przez innego stylist\u0119 ni\u017c ten, kt\u00f3ry wykona\u0142 zareklamowan\u0105 us\u0142ug\u0119. Przy us\u0142udze reklamacyjnej pracowa\u0107 mo\u017ce wi\u0119cej ni\u017c jeden stylista.<\/li><\/ol>\t\t\t\t\t\t\t\t<\/div>\n\t\t\t\t<\/div>\n\t\t\t\t<div class=\"elementor-element elementor-element-7cb8493 elementor-widget elementor-widget-text-editor\" data-id=\"7cb8493\" data-element_type=\"widget\" data-e-type=\"widget\" data-widget_type=\"text-editor.default\">\n\t\t\t\t<div class=\"elementor-widget-container\">\n\t\t\t\t\t\t\t\t\t<p><span style=\"text-decoration: underline;\"><span style=\"font-weight: 400;\">pOZOSTA\u0141E POSTANOWIENIA<\/span><\/span><\/p>\t\t\t\t\t\t\t\t<\/div>\n\t\t\t\t<\/div>\n\t\t\t\t<div class=\"elementor-element elementor-element-24a013f elementor-widget elementor-widget-text-editor\" data-id=\"24a013f\" data-element_type=\"widget\" data-e-type=\"widget\" data-widget_type=\"text-editor.default\">\n\t\t\t\t<div class=\"elementor-widget-container\">\n\t\t\t\t\t\t\t\t\t<ol>\n<li>\nSalon Klucz do Pi\u0119kna obj\u0119ty jest monitoringiem. Monitoring wprowadzono w celu zapewnienia bezpiecze\u0144stwa pracownik\u00f3w, Klient\u00f3w i ochrony mienia na podstawie prawnie uzasadnionego interesu realizowanego przez Administratora. Monitoring obejmuje wy\u0142\u0105cznie pomieszczenia, kt\u00f3re s\u0105 przeznaczone do wykonywania zabieg\u00f3w, tj. salon fryzjerski. Nagrania z monitoringu przechowywane s\u0105 przez maksymalny okres 30 dni, po kt\u00f3rych up\u0142ywie podlegaj\u0105 zniszczeniu.\n<\/li>\n\n<li>\nKorzystanie z us\u0142ug salonu Klucz do Pi\u0119kna przez osoby niepe\u0142noletnie jest mo\u017cliwe wy\u0142\u0105cznie za pisemn\u0105 zgod\u0105 ich rodzica lub opiekuna prawnego.\n<\/li>\n\n<li>\nNa terenie salonu Klucz do Pi\u0119kna zabrania si\u0119 palenia papieros\u00f3w oraz e-papieros\u00f3w, za\u017cywania \u015brodk\u00f3w odurzaj\u0105cych oraz spo\u017cywania alkoholu. Zabrania si\u0119 tak\u017ce handlu, akwizycji oraz g\u0142o\u015bnego i niekulturalnego zachowania, a tak\u017ce wnoszenia urz\u0105dze\u0144 rejestruj\u0105cych obraz i d\u017awi\u0119k.\n<\/li>\n\n<li>\nSalon Klucz do Pi\u0119kna zastrzega sobie prawo do zmiany postanowie\u0144 niniejszego regulaminu.\n<\/li>\n<\/ol>\t\t\t\t\t\t\t\t<\/div>\n\t\t\t\t<\/div>\n\t\t\t\t<div class=\"elementor-element elementor-element-6daf047 elementor-widget elementor-widget-text-editor\" data-id=\"6daf047\" data-element_type=\"widget\" data-e-type=\"widget\" data-widget_type=\"text-editor.default\">\n\t\t\t\t<div class=\"elementor-widget-container\">\n\t\t\t\t\t\t\t\t\t<p><span style=\"text-decoration: underline;\"><span style=\"font-weight: 400;\">PRZETWARZANIE DANYCH OSOBOWYCH I NAGRYWANIE US\u0141UG<\/span><\/span><\/p>\t\t\t\t\t\t\t\t<\/div>\n\t\t\t\t<\/div>\n\t\t\t\t<div class=\"elementor-element elementor-element-d34e371 elementor-widget elementor-widget-text-editor\" data-id=\"d34e371\" data-element_type=\"widget\" data-e-type=\"widget\" data-widget_type=\"text-editor.default\">\n\t\t\t\t<div class=\"elementor-widget-container\">\n\t\t\t\t\t\t\t\t\t<p>\nDzia\u0142aja\u0328c na podstawie Rozporza\u0328dzenia Parlamentu Europejskiego i Rady (UE) 2016\/679 z dnia  27 kwietnia 2016 roku w sprawie ochrony oso\u0301b fizycznych w zwia\u0328zku z przetwarzaniem danych  osobowych i w sprawie swobodnego przep\u0142ywu takich danych oraz uchylenia dyrektywy 95\/46\/ WE (RODO), BWB Prime Services sp. z o.o., z siedzib\u0105 w Szczecinie przy ul. Ksi\u0119cia Bogus\u0142awa X  10\/2, zarejestrowana pod numerem NIP: 8522707895, dzia\u0142aja\u0328ca jako Administrator danych  \nosobowych Klienta, niniejszym informuje, iz\u0307:  \n<\/p>\n\n<ol>\n<li>\nAdministrator danych osobowych przetwarza dane osobowe Klienta na podstawie obowi\u0105zuj\u0105cych przepis\u00f3w prawa, zawartych um\u00f3w b\u0105d\u017a na podstawie dobrowolnie udzielonej zgody.\n<\/li>\n\n<li>\nDane osobowe Klienta przetwarzane s\u0105 w nast\u0119puj\u0105cych celach:\n<ul style=\"list-style-type: lower-alpha; padding-left:20px;\">\n<li>realizacji us\u0142ugi fryzjerskiej;<\/li>\n<li>zapewnienia bezpiecze\u0144stwa i dokumentacji us\u0142ug;<\/li>\n<li>szkolenia personelu;<\/li>\n<li>przygotowania materia\u0142\u00f3w promocyjnych (wykorzystanie wizerunku);<\/li>\n<li>telefonicznego potwierdzania obecno\u015bci na um\u00f3wionej wizycie;<\/li>\n<li>rozpatrywania reklamacji;<\/li>\n<li>wykonywania fotografii oraz nagra\u0144 wideo w\u0142os\u00f3w niezawieraj\u0105cych wizerunku przed i po zrealizowaniu us\u0142ugi;<\/li>\n<li>wype\u0142niania obowi\u0105zk\u00f3w wynikaj\u0105cych z przepis\u00f3w prawa;<\/li>\n<li>w pozosta\u0142ych przypadkach dane mog\u0105 by\u0107 przetwarzane na podstawie zgody.<\/li>\n<\/ul>\n<\/li>\n\n<li>\nDane osobowe Klienta b\u0119d\u0105 przechowywane przez Administratora przez okres niezb\u0119dny do realizacji cel\u00f3w.\n<\/li>\n\n<li>\nInformujemy, i\u017c przys\u0142uguj\u0105 Klientowi prawa:\n<ul style=\"list-style-type: lower-alpha; padding-left:20px;\">\n<li>dost\u0119pu do danych osobowych;<\/li>\n<li>\u017c\u0105dania sprostowania danych;<\/li>\n<li>\u017c\u0105dania usuni\u0119cia danych;<\/li>\n<li>ograniczenia przetwarzania;<\/li>\n<li>sprzeciwu wobec przetwarzania.<\/li>\n<\/ul>\n<\/li>\n\n<li>\nW przypadku gdy przetwarzanie odbywa si\u0119 na podstawie zgody (art. 6 ust. 1 lit. a RODO), Klient ma prawo do jej cofni\u0119cia.\n<\/li>\n\n<li>\nOdbiorcami nagra\u0144 mog\u0105 by\u0107 pracownicy salonu oraz podmioty techniczne.\n<\/li>\n\n<li>\nKlient, kt\u00f3ry nie wyra\u017ca zgody na wykorzystanie wizerunku, mo\u017ce wype\u0142ni\u0107 formularz rezygnacji.\n<\/li>\n\n<li>\nKlient ma prawo wniesienia skargi do Prezesa Urz\u0119du Ochrony Danych Osobowych.\n<\/li>\n\n<li>\nPodanie danych mo\u017ce mie\u0107 charakter dobrowolny lub obowi\u0105zkowy.\n<\/li>\n\n<li>\nDane nie b\u0119d\u0105 przetwarzane poza obszarem EOG.\n<\/li>\n\n<li>\nKontakt: \n<u>kontakt.kluczewska@gmail.com<\/u><\/a>\ntel. +48 732 262 526.\n<\/li>\n<\/ol>\t\t\t\t\t\t\t\t<\/div>\n\t\t\t\t<\/div>\n\t\t\t\t\t<\/div>\n\t\t\t\t<\/div>\n\t\t\t\t<\/div>\n\t\t","protected":false},"excerpt":{"rendered":"<p>REGULAMIN SALONU FRYZJERSKIEGO KLUCZ DO PI\u0118KNA INFORMACJE OG\u00d3LNE Ceny zawarte w cenniku salonu nie s\u0105 ofert\u0105 handlow\u0105 w rozumieniu przepis\u00f3w [&hellip;]<\/p>\n","protected":false},"author":3,"featured_media":0,"parent":0,"menu_order":0,"comment_status":"closed","ping_status":"closed","template":"","meta":{"site-sidebar-layout":"no-sidebar","site-content-layout":"","ast-site-content-layout":"full-width-container","site-content-style":"default","site-sidebar-style":"default","ast-global-header-display":"","ast-banner-title-visibility":"","ast-main-header-display":"","ast-hfb-above-header-display":"","ast-hfb-below-header-display":"","ast-hfb-mobile-header-display":"","site-post-title":"disabled","ast-breadcrumbs-content":"","ast-featured-img":"disabled","footer-sml-layout":"disabled","ast-disable-related-posts":"","theme-transparent-header-meta":"default","adv-header-id-meta":"","stick-header-meta":"","header-above-stick-meta":"","header-main-stick-meta":"","header-below-stick-meta":"","astra-migrate-meta-layouts":"default","ast-page-background-enabled":"default","ast-page-background-meta":{"desktop":{"background-color":"var(--ast-global-color-5)","background-image":"","background-repeat":"repeat","background-position":"center center","background-size":"auto","background-attachment":"scroll","background-type":"","background-media":"","overlay-type":"","overlay-color":"","overlay-opacity":"","overlay-gradient":""},"tablet":{"background-color":"","background-image":"","background-repeat":"repeat","background-position":"center center","background-size":"auto","background-attachment":"scroll","background-type":"","background-media":"","overlay-type":"","overlay-color":"","overlay-opacity":"","overlay-gradient":""},"mobile":{"background-color":"","background-image":"","background-repeat":"repeat","background-position":"center center","background-size":"auto","background-attachment":"scroll","background-type":"","background-media":"","overlay-type":"","overlay-color":"","overlay-opacity":"","overlay-gradient":""}},"ast-content-background-meta":{"desktop":{"background-color":"var(--ast-global-color-4)","background-image":"","background-repeat":"repeat","background-position":"center center","background-size":"auto","background-attachment":"scroll","background-type":"","background-media":"","overlay-type":"","overlay-color":"","overlay-opacity":"","overlay-gradient":""},"tablet":{"background-color":"var(--ast-global-color-4)","background-image":"","background-repeat":"repeat","background-position":"center center","background-size":"auto","background-attachment":"scroll","background-type":"","background-media":"","overlay-type":"","overlay-color":"","overlay-opacity":"","overlay-gradient":""},"mobile":{"background-color":"var(--ast-global-color-4)","background-image":"","background-repeat":"repeat","background-position":"center center","background-size":"auto","background-attachment":"scroll","background-type":"","background-media":"","overlay-type":"","overlay-color":"","overlay-opacity":"","overlay-gradient":""}},"footnotes":""},"class_list":["post-31163","page","type-page","status-publish","hentry"],"_links":{"self":[{"href":"https:\/\/kluczdopiekna.com\/index.php?rest_route=\/wp\/v2\/pages\/31163","targetHints":{"allow":["GET"]}}],"collection":[{"href":"https:\/\/kluczdopiekna.com\/index.php?rest_route=\/wp\/v2\/pages"}],"about":[{"href":"https:\/\/kluczdopiekna.com\/index.php?rest_route=\/wp\/v2\/types\/page"}],"author":[{"embeddable":true,"href":"https:\/\/kluczdopiekna.com\/index.php?rest_route=\/wp\/v2\/users\/3"}],"replies":[{"embeddable":true,"href":"https:\/\/kluczdopiekna.com\/index.php?rest_route=%2Fwp%2Fv2%2Fcomments&post=31163"}],"version-history":[{"count":35,"href":"https:\/\/kluczdopiekna.com\/index.php?rest_route=\/wp\/v2\/pages\/31163\/revisions"}],"predecessor-version":[{"id":32658,"href":"https:\/\/kluczdopiekna.com\/index.php?rest_route=\/wp\/v2\/pages\/31163\/revisions\/32658"}],"wp:attachment":[{"href":"https:\/\/kluczdopiekna.com\/index.php?rest_route=%2Fwp%2Fv2%2Fmedia&parent=31163"}],"curies":[{"name":"wp","href":"https:\/\/api.w.org\/{rel}","templated":true}]}}