{"id":32754,"date":"2026-04-22T08:12:52","date_gmt":"2026-04-22T08:12:52","guid":{"rendered":"https:\/\/kluczdopiekna.com\/?page_id=32754"},"modified":"2026-04-22T08:13:40","modified_gmt":"2026-04-22T08:13:40","slug":"strona-glowna-copy","status":"publish","type":"page","link":"https:\/\/kluczdopiekna.com\/?page_id=32754","title":{"rendered":"Kariera"},"content":{"rendered":"\t\t<div data-elementor-type=\"wp-page\" data-elementor-id=\"32754\" class=\"elementor elementor-32754\">\n\t\t\t\t<div class=\"elementor-element elementor-element-ba30f60 elementor-hidden-desktop e-flex e-con-boxed e-con e-parent\" data-id=\"ba30f60\" data-element_type=\"container\" data-e-type=\"container\" data-settings=\"{&quot;background_background&quot;:&quot;classic&quot;}\">\n\t\t\t\t\t<div class=\"e-con-inner\">\n\t\t\t\t\t<\/div>\n\t\t\t\t<\/div>\n\t\t<div class=\"elementor-element elementor-element-dce579c elementor-hidden-mobile e-flex e-con-boxed e-con e-parent\" data-id=\"dce579c\" data-element_type=\"container\" data-e-type=\"container\" id=\"rekrutacjameta\">\n\t\t\t\t\t<div class=\"e-con-inner\">\n\t\t<div class=\"elementor-element elementor-element-2a6fc96 e-con-full e-flex e-con e-child\" data-id=\"2a6fc96\" data-element_type=\"container\" data-e-type=\"container\">\n\t\t\t\t<div class=\"elementor-element elementor-element-ff32824 elementor-widget elementor-widget-image\" data-id=\"ff32824\" data-element_type=\"widget\" data-e-type=\"widget\" data-widget_type=\"image.default\">\n\t\t\t\t<div class=\"elementor-widget-container\">\n\t\t\t\t\t\t\t\t\t\t\t\t\t\t\t<img fetchpriority=\"high\" decoding=\"async\" width=\"580\" height=\"681\" src=\"https:\/\/kluczdopiekna.com\/wp-content\/uploads\/2026\/01\/tempImageG9KUtF.png\" class=\"attachment-large size-large wp-image-30026\" alt=\"\" srcset=\"https:\/\/kluczdopiekna.com\/wp-content\/uploads\/2026\/01\/tempImageG9KUtF.png 580w, https:\/\/kluczdopiekna.com\/wp-content\/uploads\/2026\/01\/tempImageG9KUtF-256x300.png 256w\" sizes=\"(max-width: 580px) 100vw, 580px\" \/>\t\t\t\t\t\t\t\t\t\t\t\t\t\t\t<\/div>\n\t\t\t\t<\/div>\n\t\t\t\t<\/div>\n\t\t<div class=\"elementor-element elementor-element-bd9e269 e-con-full e-flex e-con e-child\" data-id=\"bd9e269\" data-element_type=\"container\" data-e-type=\"container\">\n\t\t\t\t<div class=\"elementor-element elementor-element-8e769f2 elementor-widget__width-initial elementor-widget elementor-widget-text-editor\" data-id=\"8e769f2\" data-element_type=\"widget\" data-e-type=\"widget\" data-widget_type=\"text-editor.default\">\n\t\t\t\t<div class=\"elementor-widget-container\">\n\t\t\t\t\t\t\t\t\t<p>Do\u0142\u0105cz do naszego zespo\u0142u<\/p>\t\t\t\t\t\t\t\t<\/div>\n\t\t\t\t<\/div>\n\t\t\t\t<div class=\"elementor-element elementor-element-ba9d5d0 elementor-widget elementor-widget-text-editor\" data-id=\"ba9d5d0\" data-element_type=\"widget\" data-e-type=\"widget\" data-widget_type=\"text-editor.default\">\n\t\t\t\t<div class=\"elementor-widget-container\">\n\t\t\t\t\t\t\t\t\t<p>Szukamy os\u00f3b pe\u0142nych pasji i energii, kt\u00f3re chc\u0105 rozwija\u0107 swoje umiej\u0119tno\u015bci w kreatywnym i przyjaznym \u015brodowisku. Je\u015bli chcesz wsp\u00f3\u0142tworzy\u0107 wyj\u0105tkowe do\u015bwiadczenia dla naszych klient\u00f3w i by\u0107 cz\u0119\u015bci\u0105 inspiruj\u0105cego zespo\u0142u \u2013 wy\u015blij swoje CV i do\u0142\u0105cz do nas!<\/p>\t\t\t\t\t\t\t\t<\/div>\n\t\t\t\t<\/div>\n\t\t\t\t<div class=\"elementor-element elementor-element-d29b99d elementor-widget elementor-widget-shortcode\" data-id=\"d29b99d\" data-element_type=\"widget\" data-e-type=\"widget\" data-widget_type=\"shortcode.default\">\n\t\t\t\t<div class=\"elementor-widget-container\">\n\t\t\t\t\t\t\t<div class=\"elementor-shortcode\">\n<div class=\"wpcf7 no-js\" id=\"wpcf7-f30137-o1\" lang=\"pl-PL\" dir=\"ltr\" data-wpcf7-id=\"30137\">\n<div class=\"screen-reader-response\"><p role=\"status\" aria-live=\"polite\" aria-atomic=\"true\"><\/p> <ul><\/ul><\/div>\n<form action=\"\/index.php?rest_route=%2Fwp%2Fv2%2Fpages%2F32754#wpcf7-f30137-o1\" method=\"post\" class=\"wpcf7-form init\" aria-label=\"Formularz kontaktowy\" enctype=\"multipart\/form-data\" novalidate=\"novalidate\" data-status=\"init\">\n<fieldset class=\"hidden-fields-container\"><input type=\"hidden\" name=\"_wpcf7\" value=\"30137\" \/><input type=\"hidden\" name=\"_wpcf7_version\" value=\"6.1.5\" \/><input type=\"hidden\" name=\"_wpcf7_locale\" value=\"pl_PL\" \/><input type=\"hidden\" name=\"_wpcf7_unit_tag\" value=\"wpcf7-f30137-o1\" \/><input type=\"hidden\" name=\"_wpcf7_container_post\" value=\"0\" \/><input type=\"hidden\" name=\"_wpcf7_posted_data_hash\" value=\"\" \/>\n<\/fieldset>\n<div class=\"cv-form\">\n\t<p><label class=\"cv-label\"><br \/>\nIMI\u0118 I NAZWISKO<br \/>\n<span class=\"wpcf7-form-control-wrap\" data-name=\"your-name\"><input size=\"40\" maxlength=\"400\" class=\"wpcf7-form-control wpcf7-text wpcf7-validates-as-required cv-input\" autocomplete=\"name\" aria-required=\"true\" aria-invalid=\"false\" value=\"\" type=\"text\" name=\"your-name\" \/><\/span><br \/>\n<\/label><br \/>\n<label class=\"cv-label\"><br \/>\nNUMER TELEFONU<br \/>\n<span class=\"wpcf7-form-control-wrap\" data-name=\"your-phone\"><input size=\"40\" maxlength=\"400\" class=\"wpcf7-form-control wpcf7-tel wpcf7-validates-as-required wpcf7-text wpcf7-validates-as-tel cv-input\" aria-required=\"true\" aria-invalid=\"false\" value=\"\" type=\"tel\" name=\"your-phone\" \/><\/span><br \/>\n<\/label><br \/>\n<label class=\"cv-label\"><br \/>\nE-MAIL<br \/>\n<span class=\"wpcf7-form-control-wrap\" data-name=\"your-email\"><input size=\"40\" maxlength=\"400\" class=\"wpcf7-form-control wpcf7-email wpcf7-validates-as-required wpcf7-text wpcf7-validates-as-email cv-input\" autocomplete=\"email\" aria-required=\"true\" aria-invalid=\"false\" value=\"\" type=\"email\" name=\"your-email\" \/><\/span><br \/>\n<\/label>\n\t<\/p>\n\t<div class=\"cv-upload\">\n\t\t<p><label class=\"cv-upload-box\"><br \/>\n<span class=\"wpcf7-form-control-wrap\" data-name=\"your-cv\"><input size=\"40\" class=\"wpcf7-form-control wpcf7-file wpcf7-validates-as-required cv-file\" accept=\".pdf,.doc,.docx\" aria-required=\"true\" aria-invalid=\"false\" type=\"file\" name=\"your-cv\" \/><\/span><br \/>\n<span class=\"cv-upload-icon\"><br \/>\n<svg xmlns=\"http:\/\/www.w3.org\/2000\/svg\" viewBox=\"0 0 27 27\" fill=\"none\">\n                    <path d=\"M23.625 2.25L3.375 2.25\"\n                          stroke=\"#865E57\"\n                          stroke-width=\"2\"\n                          stroke-linecap=\"round\"\/>\n                    <path d=\"M13.5 24.75L13.5 7.875\"\n                          stroke=\"#865E57\"\n                          stroke-width=\"2\"\n                          stroke-linecap=\"round\"\/>\n                    <path d=\"M21.375 15.75L13.5 7.875L5.625 15.75\"\n                          stroke=\"#865E57\"\n                          stroke-width=\"2\"\n                          stroke-linecap=\"round\"\/>\n                <\/svg><br \/>\n<\/span><br \/>\n<span class=\"cv-upload-text\"><br \/>\nPrze\u015blij nam<br \/>\nswoje CV<br \/>\n<\/span><br \/>\n<\/label>\n\t\t<\/p>\n\t<\/div>\n\t<p><input class=\"wpcf7-form-control wpcf7-submit has-spinner cv-submit\" type=\"submit\" value=\"Wy\u015blij\" \/>\n\t<\/p>\n<\/div><div class=\"wpcf7-response-output\" aria-hidden=\"true\"><\/div>\n<\/form>\n<\/div>\n<\/div>\n\t\t\t\t\t\t<\/div>\n\t\t\t\t<\/div>\n\t\t\t\t<\/div>\n\t\t\t\t\t<\/div>\n\t\t\t\t<\/div>\n\t\t<div class=\"elementor-element elementor-element-44a87f3 elementor-hidden-desktop elementor-hidden-tablet e-flex e-con-boxed e-con e-parent\" data-id=\"44a87f3\" data-element_type=\"container\" data-e-type=\"container\" id=\"rekrutacjameta\">\n\t\t\t\t\t<div class=\"e-con-inner\">\n\t\t\t\t<div class=\"elementor-element elementor-element-d9074de elementor-widget-mobile__width-initial elementor-widget elementor-widget-heading\" data-id=\"d9074de\" data-element_type=\"widget\" data-e-type=\"widget\" data-widget_type=\"heading.default\">\n\t\t\t\t<div class=\"elementor-widget-container\">\n\t\t\t\t\t<h1 class=\"elementor-heading-title elementor-size-default\">Do\u0142\u0105cz do \nnaszego zespo\u0142u<\/h1>\t\t\t\t<\/div>\n\t\t\t\t<\/div>\n\t\t\t\t<div class=\"elementor-element elementor-element-99f3646 elementor-widget elementor-widget-image\" data-id=\"99f3646\" data-element_type=\"widget\" data-e-type=\"widget\" data-widget_type=\"image.default\">\n\t\t\t\t<div class=\"elementor-widget-container\">\n\t\t\t\t\t\t\t\t\t\t\t\t\t\t\t<img decoding=\"async\" width=\"1200\" height=\"1800\" data-src=\"https:\/\/kluczdopiekna.com\/wp-content\/uploads\/2026\/04\/087fecb8ca71694b442ef1c1cb6fb32546742014-1-2000x3000.jpg\" class=\"attachment-large size-large wp-image-32087 lazyload\" alt=\"\" data-srcset=\"https:\/\/kluczdopiekna.com\/wp-content\/uploads\/2026\/04\/087fecb8ca71694b442ef1c1cb6fb32546742014-1-2000x3000.jpg 2000w, https:\/\/kluczdopiekna.com\/wp-content\/uploads\/2026\/04\/087fecb8ca71694b442ef1c1cb6fb32546742014-1-200x300.jpg 200w, https:\/\/kluczdopiekna.com\/wp-content\/uploads\/2026\/04\/087fecb8ca71694b442ef1c1cb6fb32546742014-1-768x1152.jpg 768w, https:\/\/kluczdopiekna.com\/wp-content\/uploads\/2026\/04\/087fecb8ca71694b442ef1c1cb6fb32546742014-1-1024x1536.jpg 1024w, https:\/\/kluczdopiekna.com\/wp-content\/uploads\/2026\/04\/087fecb8ca71694b442ef1c1cb6fb32546742014-1-1366x2048.jpg 1366w, https:\/\/kluczdopiekna.com\/wp-content\/uploads\/2026\/04\/087fecb8ca71694b442ef1c1cb6fb32546742014-1-scaled.jpg 1707w\" data-sizes=\"(max-width: 1200px) 100vw, 1200px\" src=\"data:image\/svg+xml;base64,PHN2ZyB3aWR0aD0iMSIgaGVpZ2h0PSIxIiB4bWxucz0iaHR0cDovL3d3dy53My5vcmcvMjAwMC9zdmciPjwvc3ZnPg==\" style=\"--smush-placeholder-width: 1200px; --smush-placeholder-aspect-ratio: 1200\/1800;\" \/>\t\t\t\t\t\t\t\t\t\t\t\t\t\t\t<\/div>\n\t\t\t\t<\/div>\n\t\t\t\t<div class=\"elementor-element elementor-element-0ed67cc elementor-widget elementor-widget-shortcode\" data-id=\"0ed67cc\" data-element_type=\"widget\" data-e-type=\"widget\" data-widget_type=\"shortcode.default\">\n\t\t\t\t<div class=\"elementor-widget-container\">\n\t\t\t\t\t\t\t<div class=\"elementor-shortcode\">\n<div class=\"wpcf7 no-js\" id=\"wpcf7-f31318-o2\" lang=\"pl-PL\" dir=\"ltr\" data-wpcf7-id=\"31318\">\n<div class=\"screen-reader-response\"><p role=\"status\" aria-live=\"polite\" aria-atomic=\"true\"><\/p> <ul><\/ul><\/div>\n<form action=\"\/index.php?rest_route=%2Fwp%2Fv2%2Fpages%2F32754#wpcf7-f31318-o2\" method=\"post\" class=\"wpcf7-form init\" aria-label=\"Formularz kontaktowy\" enctype=\"multipart\/form-data\" novalidate=\"novalidate\" data-status=\"init\">\n<fieldset class=\"hidden-fields-container\"><input type=\"hidden\" name=\"_wpcf7\" value=\"31318\" \/><input type=\"hidden\" name=\"_wpcf7_version\" value=\"6.1.5\" \/><input type=\"hidden\" name=\"_wpcf7_locale\" value=\"pl_PL\" \/><input type=\"hidden\" name=\"_wpcf7_unit_tag\" value=\"wpcf7-f31318-o2\" \/><input type=\"hidden\" name=\"_wpcf7_container_post\" value=\"0\" \/><input type=\"hidden\" name=\"_wpcf7_posted_data_hash\" value=\"\" \/>\n<\/fieldset>\n<p><span class=\"wpcf7-form-control-wrap\" data-name=\"your-name\"><input size=\"40\" maxlength=\"400\" class=\"wpcf7-form-control wpcf7-text wpcf7-validates-as-required\" aria-required=\"true\" aria-invalid=\"false\" placeholder=\"Imi\u0119 i Nazwisko\" value=\"\" type=\"text\" name=\"your-name\" \/><\/span><br \/>\n<span class=\"wpcf7-form-control-wrap\" data-name=\"your-phone\"><input size=\"40\" maxlength=\"400\" class=\"wpcf7-form-control wpcf7-tel wpcf7-validates-as-required wpcf7-text wpcf7-validates-as-tel\" aria-required=\"true\" aria-invalid=\"false\" placeholder=\"Numer telefonu\" value=\"\" type=\"tel\" name=\"your-phone\" \/><\/span><br \/>\n<span class=\"wpcf7-form-control-wrap\" data-name=\"your-email\"><input size=\"40\" maxlength=\"400\" class=\"wpcf7-form-control wpcf7-email wpcf7-validates-as-required wpcf7-text wpcf7-validates-as-email\" aria-required=\"true\" aria-invalid=\"false\" placeholder=\"E-mail\" value=\"\" type=\"email\" name=\"your-email\" \/><\/span><br \/>\n<label class=\"cv-file-label\"><br \/>\n<span class=\"cv-file-text\">Prze\u015blij nam swoje CV<\/span><br \/>\n<span class=\"wpcf7-form-control-wrap\" data-name=\"your-cv\"><input size=\"40\" class=\"wpcf7-form-control wpcf7-file wpcf7-validates-as-required cv-file-input\" accept=\".pdf,.doc,.docx\" aria-required=\"true\" aria-invalid=\"false\" type=\"file\" name=\"your-cv\" \/><\/span><br \/>\n<\/label><br \/>\n<input class=\"wpcf7-form-control wpcf7-submit has-spinner\" type=\"submit\" value=\"Wy\u015blij\" \/>\n<\/p><div class=\"wpcf7-response-output\" aria-hidden=\"true\"><\/div>\n<\/form>\n<\/div>\n<\/div>\n\t\t\t\t\t\t<\/div>\n\t\t\t\t<\/div>\n\t\t\t\t\t<\/div>\n\t\t\t\t<\/div>\n\t\t\t\t<\/div>\n\t\t","protected":false},"excerpt":{"rendered":"<p>Do\u0142\u0105cz do naszego zespo\u0142u Szukamy os\u00f3b pe\u0142nych pasji i energii, kt\u00f3re chc\u0105 rozwija\u0107 swoje umiej\u0119tno\u015bci w kreatywnym i przyjaznym \u015brodowisku. [&hellip;]<\/p>\n","protected":false},"author":4,"featured_media":0,"parent":0,"menu_order":0,"comment_status":"closed","ping_status":"closed","template":"","meta":{"site-sidebar-layout":"no-sidebar","site-content-layout":"","ast-site-content-layout":"full-width-container","site-content-style":"default","site-sidebar-style":"default","ast-global-header-display":"","ast-banner-title-visibility":"disabled","ast-main-header-display":"","ast-hfb-above-header-display":"","ast-hfb-below-header-display":"","ast-hfb-mobile-header-display":"","site-post-title":"disabled","ast-breadcrumbs-content":"","ast-featured-img":"disabled","footer-sml-layout":"","ast-disable-related-posts":"","theme-transparent-header-meta":"","adv-header-id-meta":"","stick-header-meta":"","header-above-stick-meta":"","header-main-stick-meta":"","header-below-stick-meta":"","astra-migrate-meta-layouts":"default","ast-page-background-enabled":"default","ast-page-background-meta":{"desktop":{"background-color":"var(--ast-global-color-5)","background-image":"","background-repeat":"repeat","background-position":"center center","background-size":"auto","background-attachment":"scroll","background-type":"","background-media":"","overlay-type":"","overlay-color":"","overlay-opacity":"","overlay-gradient":""},"tablet":{"background-color":"","background-image":"","background-repeat":"repeat","background-position":"center center","background-size":"auto","background-attachment":"scroll","background-type":"","background-media":"","overlay-type":"","overlay-color":"","overlay-opacity":"","overlay-gradient":""},"mobile":{"background-color":"","background-image":"","background-repeat":"repeat","background-position":"center center","background-size":"auto","background-attachment":"scroll","background-type":"","background-media":"","overlay-type":"","overlay-color":"","overlay-opacity":"","overlay-gradient":""}},"ast-content-background-meta":{"desktop":{"background-color":"var(--ast-global-color-4)","background-image":"","background-repeat":"repeat","background-position":"center center","background-size":"auto","background-attachment":"scroll","background-type":"","background-media":"","overlay-type":"","overlay-color":"","overlay-opacity":"","overlay-gradient":""},"tablet":{"background-color":"var(--ast-global-color-4)","background-image":"","background-repeat":"repeat","background-position":"center center","background-size":"auto","background-attachment":"scroll","background-type":"","background-media":"","overlay-type":"","overlay-color":"","overlay-opacity":"","overlay-gradient":""},"mobile":{"background-color":"var(--ast-global-color-4)","background-image":"","background-repeat":"repeat","background-position":"center center","background-size":"auto","background-attachment":"scroll","background-type":"","background-media":"","overlay-type":"","overlay-color":"","overlay-opacity":"","overlay-gradient":""}},"footnotes":""},"class_list":["post-32754","page","type-page","status-publish","hentry"],"_links":{"self":[{"href":"https:\/\/kluczdopiekna.com\/index.php?rest_route=\/wp\/v2\/pages\/32754","targetHints":{"allow":["GET"]}}],"collection":[{"href":"https:\/\/kluczdopiekna.com\/index.php?rest_route=\/wp\/v2\/pages"}],"about":[{"href":"https:\/\/kluczdopiekna.com\/index.php?rest_route=\/wp\/v2\/types\/page"}],"author":[{"embeddable":true,"href":"https:\/\/kluczdopiekna.com\/index.php?rest_route=\/wp\/v2\/users\/4"}],"replies":[{"embeddable":true,"href":"https:\/\/kluczdopiekna.com\/index.php?rest_route=%2Fwp%2Fv2%2Fcomments&post=32754"}],"version-history":[{"count":7,"href":"https:\/\/kluczdopiekna.com\/index.php?rest_route=\/wp\/v2\/pages\/32754\/revisions"}],"predecessor-version":[{"id":32761,"href":"https:\/\/kluczdopiekna.com\/index.php?rest_route=\/wp\/v2\/pages\/32754\/revisions\/32761"}],"wp:attachment":[{"href":"https:\/\/kluczdopiekna.com\/index.php?rest_route=%2Fwp%2Fv2%2Fmedia&parent=32754"}],"curies":[{"name":"wp","href":"https:\/\/api.w.org\/{rel}","templated":true}]}}